{"id":944,"date":"2025-03-20T12:34:06","date_gmt":"2025-03-20T12:34:06","guid":{"rendered":"https:\/\/wijsisolerennederland.nl\/?post_type=product&#038;p=944"},"modified":"2025-09-05T09:05:37","modified_gmt":"2025-09-05T09:05:37","slug":"ampacoll-ra-elastische-vloeibare-lijm","status":"publish","type":"product","link":"https:\/\/wijsisolerennederland.nl\/index.php\/product\/ampacoll-ra-elastische-vloeibare-lijm\/","title":{"rendered":"Ampacoll RA elastische vloeibare lijm"},"content":{"rendered":"<p>[et_pb_section fb_built=&#8221;1&#8243; custom_padding_last_edited=&#8221;on|phone&#8221; _builder_version=&#8221;4.27.4&#8243; background_color=&#8221;gcid-27d27316-00ff-460e-9cc1-5df31af25225&#8243; custom_padding=&#8221;40px|40px|40px|40px|false|false&#8221; custom_padding_tablet=&#8221;40px|40px|40px|40px|false|false&#8221; custom_padding_phone=&#8221;|15px||15px|false|false&#8221; global_colors_info=&#8221;{%22gcid-27d27316-00ff-460e-9cc1-5df31af25225%22:%91%22background_color%22%93}&#8221;][et_pb_row _builder_version=&#8221;4.16&#8243; background_size=&#8221;initial&#8221; background_position=&#8221;top_left&#8221; background_repeat=&#8221;repeat&#8221; width=&#8221;100%&#8221; custom_padding=&#8221;0px||0px||false|false&#8221; global_colors_info=&#8221;{}&#8221;][et_pb_column type=&#8221;4_4&#8243; _builder_version=&#8221;4.16&#8243; custom_padding=&#8221;|||&#8221; global_colors_info=&#8221;{}&#8221; custom_padding__hover=&#8221;|||&#8221;][et_pb_wc_breadcrumb _builder_version=&#8221;4.16&#8243; global_colors_info=&#8221;{}&#8221;][\/et_pb_wc_breadcrumb][et_pb_wc_cart_notice _builder_version=&#8221;4.27.4&#8243; title_font=&#8221;Akshar||||||||&#8221; title_font_size=&#8221;19px&#8221; custom_button=&#8221;on&#8221; button_text_size=&#8221;14px&#8221; button_border_radius=&#8221;14px&#8221; button_letter_spacing=&#8221;0px&#8221; button_font=&#8221;Poppins|800||on|||||&#8221; global_colors_info=&#8221;{%22gcid-27d27316-00ff-460e-9cc1-5df31af25225%22:%91%22button_text_color%22%93,%22gcid-4558e94f-c411-4090-9fc6-820b4850a969%22:%91%22button_bg_color%22%93}&#8221;][\/et_pb_wc_cart_notice][\/et_pb_column][\/et_pb_row][et_pb_row _builder_version=&#8221;4.16&#8243; background_size=&#8221;initial&#8221; background_position=&#8221;top_left&#8221; background_repeat=&#8221;repeat&#8221; width=&#8221;100%&#8221; custom_padding=&#8221;0px||||false|false&#8221; global_colors_info=&#8221;{}&#8221;][et_pb_column type=&#8221;4_4&#8243; _builder_version=&#8221;4.16&#8243; custom_padding=&#8221;|||&#8221; global_colors_info=&#8221;{}&#8221; custom_padding__hover=&#8221;|||&#8221;][et_pb_wc_title _builder_version=&#8221;4.27.4&#8243; header_font=&#8221;Akshar|700||on|||||&#8221; header_font_size=&#8221;39px&#8221; global_colors_info=&#8221;{}&#8221;][\/et_pb_wc_title][et_pb_wc_images _builder_version=&#8221;4.27.4&#8243; global_colors_info=&#8221;{}&#8221;][\/et_pb_wc_images][et_pb_wc_rating _builder_version=&#8221;4.27.4&#8243; rating_text_color=&#8221;#E09900&#8243; rating_font_size=&#8221;16px&#8221; global_colors_info=&#8221;{}&#8221;][\/et_pb_wc_rating][et_pb_wc_price _builder_version=&#8221;4.16&#8243; global_colors_info=&#8221;{}&#8221;][\/et_pb_wc_price][et_pb_wc_description _builder_version=&#8221;4.27.4&#8243; body_font=&#8221;Actor||||||||&#8221; body_font_size=&#8221;19px&#8221; body_line_height=&#8221;1.8em&#8221; body_font_size_tablet=&#8221;19px&#8221; body_font_size_phone=&#8221;14px&#8221; body_font_size_last_edited=&#8221;on|phone&#8221; global_colors_info=&#8221;{}&#8221;][\/et_pb_wc_description][et_pb_wc_add_to_cart _builder_version=&#8221;4.16&#8243; global_colors_info=&#8221;{}&#8221;][\/et_pb_wc_add_to_cart][et_pb_wc_meta _builder_version=&#8221;4.16&#8243; global_colors_info=&#8221;{}&#8221;][\/et_pb_wc_meta][\/et_pb_column][\/et_pb_row][et_pb_row _builder_version=&#8221;4.27.4&#8243; _module_preset=&#8221;default&#8221; global_colors_info=&#8221;{}&#8221;][et_pb_column type=&#8221;4_4&#8243; _builder_version=&#8221;4.27.4&#8243; _module_preset=&#8221;default&#8221; global_colors_info=&#8221;{}&#8221;][et_pb_code _builder_version=&#8221;4.27.4&#8243; _module_preset=&#8221;default&#8221; link_option_url=&#8221;%91wpforms id=%22863%22 title=%22false%22%93&#8243; global_colors_info=&#8221;{}&#8221;][\/et_pb_code][\/et_pb_column][\/et_pb_row][et_pb_row _builder_version=&#8221;4.16&#8243; background_size=&#8221;initial&#8221; background_position=&#8221;top_left&#8221; background_repeat=&#8221;repeat&#8221; width=&#8221;100%&#8221; global_colors_info=&#8221;{}&#8221;][et_pb_column type=&#8221;4_4&#8243; _builder_version=&#8221;4.16&#8243; custom_padding=&#8221;|||&#8221; global_colors_info=&#8221;{}&#8221; custom_padding__hover=&#8221;|||&#8221;][et_pb_wc_tabs product=&#8221;latest&#8221; include_tabs_tablet=&#8221;&#8221; include_tabs_phone=&#8221;&#8221; include_tabs_last_edited=&#8221;on|desktop&#8221; _builder_version=&#8221;4.27.4&#8243; body_font=&#8221;Actor|800|||||||&#8221; tab_font=&#8221;Poppins|700|||||||&#8221; tab_font_size=&#8221;16px&#8221; border_radii=&#8221;on|10px|10px|10px|10px&#8221; global_colors_info=&#8221;{}&#8221; include_tabs__hover_enabled=&#8221;on|desktop&#8221;] [\/et_pb_wc_tabs][et_pb_wc_upsells _builder_version=&#8221;4.16&#8243; global_colors_info=&#8221;{}&#8221;][\/et_pb_wc_upsells][\/et_pb_column][\/et_pb_row][\/et_pb_section][et_pb_section fb_built=&#8221;1&#8243; _builder_version=&#8221;4.27.4&#8243; _module_preset=&#8221;default&#8221; background_color=&#8221;#47ae4c&#8221; global_colors_info=&#8221;{}&#8221;][et_pb_row _builder_version=&#8221;4.27.4&#8243; _module_preset=&#8221;default&#8221; background_color=&#8221;#2a285f&#8221; width_tablet=&#8221;&#8221; width_phone=&#8221;100%&#8221; width_last_edited=&#8221;on|phone&#8221; max_width_tablet=&#8221;&#8221; max_width_phone=&#8221;&#8221; max_width_last_edited=&#8221;on|phone&#8221; custom_padding=&#8221;32px|20px|20px|20px|false|false&#8221; global_colors_info=&#8221;{}&#8221; locked=&#8221;off&#8221;][et_pb_column type=&#8221;4_4&#8243; _builder_version=&#8221;4.27.4&#8243; _module_preset=&#8221;default&#8221; global_colors_info=&#8221;{}&#8221;][et_pb_heading title=&#8221;MEER INFORMATIE OVER DIT PRODUCT?&#8221; _builder_version=&#8221;4.27.4&#8243; _module_preset=&#8221;default&#8221; title_font=&#8221;Akshar|700|||||||&#8221; title_text_color=&#8221;#FFFFFF&#8221; title_font_size=&#8221;36px&#8221; min_height=&#8221;28px&#8221; custom_padding=&#8221;||0px||false|false&#8221; global_colors_info=&#8221;{}&#8221;][\/et_pb_heading][et_pb_contact_form email=&#8221;mpaardehaar@wijsisolerennederland.nl&#8221; custom_message=&#8221;Ik heb een vraag over: %%Product%%.&#8221; _builder_version=&#8221;4.27.4&#8243; _module_preset=&#8221;default&#8221; _unique_id=&#8221;62215098-9655-47d1-9215-1bc68dc8ad3f&#8221; form_field_text_color=&#8221;#000000&#8243; form_field_focus_background_color=&#8221;#000000&#8243; form_field_focus_text_color=&#8221;#000000&#8243; title_text_color=&#8221;#FFFFFF&#8221; title_font_size=&#8221;31px&#8221; captcha_font=&#8221;Poppins||||||||&#8221; captcha_text_color=&#8221;#FFFFFF&#8221; captcha_font_size=&#8221;15px&#8221; captcha_letter_spacing=&#8221;4px&#8221; captcha_line_height=&#8221;1.9em&#8221; custom_button=&#8221;on&#8221; button_text_size=&#8221;14px&#8221; button_text_color=&#8221;#FFFFFF&#8221; button_bg_color=&#8221;#47AE4C&#8221; button_border_color=&#8221;RGBA(255,255,255,0)&#8221; button_border_radius=&#8221;11px&#8221; button_letter_spacing=&#8221;3px&#8221; button_font=&#8221;Poppins|800||on|||||&#8221; captcha_font_size_tablet=&#8221;15px&#8221; captcha_font_size_phone=&#8221;10px&#8221; captcha_font_size_last_edited=&#8221;on|phone&#8221; button_text_size_tablet=&#8221;14px&#8221; button_text_size_phone=&#8221;10px&#8221; button_text_size_last_edited=&#8221;on|phone&#8221; global_colors_info=&#8221;{}&#8221;][et_pb_contact_field field_id=&#8221;Product&#8221; field_title=&#8221;Product&#8221; field_type=&#8221;radio&#8221; radio_options=&#8221;%91{%22value%22:%22Gramitherm%22,%22checked%22:0,%22dragID%22:-1},{%22value%22:%22AMPATEX DB 90 Dampfolie%22,%22checked%22:1,%22dragID%22:0},{%22value%22:%22Ampacoll RA elastische vloeibare lijm%22,%22checked%22:0,%22dragID%22:1},{%22value%22:%22Ampack Variano 3 klimaatfolie%22,%22checked%22:0,%22dragID%22:2},{%22value%22:%22Ampack tape%22,%22checked%22:0,%22dragID%22:3}%93&#8243; fullwidth_field=&#8221;on&#8221; _builder_version=&#8221;4.27.4&#8243; form_field_background_color=&#8221;#FFFFFF&#8221; form_field_text_color=&#8221;#FFFFFF&#8221; form_field_focus_background_color=&#8221;#FFFFFF&#8221; form_field_focus_text_color=&#8221;#FFFFFF&#8221; form_field_font_size=&#8221;14px&#8221; background_color=&#8221;RGBA(255,255,255,0)&#8221; background_enable_color=&#8221;on&#8221; text_orientation=&#8221;left&#8221; custom_css_free_form=&#8221;.et-db #et-boc .et-l selector .et_pb_contact_field .input%91type=%22radio%22%93:checked+label i:before {||    background:#000 !important;||}&#8221; global_colors_info=&#8221;{}&#8221; button_text_size__hover_enabled=&#8221;off&#8221; button_one_text_size__hover_enabled=&#8221;off&#8221; button_two_text_size__hover_enabled=&#8221;off&#8221; button_text_color__hover_enabled=&#8221;off&#8221; button_one_text_color__hover_enabled=&#8221;off&#8221; button_two_text_color__hover_enabled=&#8221;off&#8221; button_border_width__hover_enabled=&#8221;off&#8221; button_one_border_width__hover_enabled=&#8221;off&#8221; button_two_border_width__hover_enabled=&#8221;off&#8221; button_border_color__hover_enabled=&#8221;off&#8221; button_one_border_color__hover_enabled=&#8221;off&#8221; button_two_border_color__hover_enabled=&#8221;off&#8221; button_border_radius__hover_enabled=&#8221;off&#8221; button_one_border_radius__hover_enabled=&#8221;off&#8221; button_two_border_radius__hover_enabled=&#8221;off&#8221; button_letter_spacing__hover_enabled=&#8221;off&#8221; button_one_letter_spacing__hover_enabled=&#8221;off&#8221; button_two_letter_spacing__hover_enabled=&#8221;off&#8221; button_bg_color__hover_enabled=&#8221;off&#8221; button_one_bg_color__hover_enabled=&#8221;off&#8221; button_two_bg_color__hover_enabled=&#8221;off&#8221;][\/et_pb_contact_field][et_pb_contact_field field_id=&#8221;Bedrijfsnaam&#8221; field_title=&#8221;Bedrijfsnaam&#8221; _builder_version=&#8221;4.27.4&#8243; form_field_text_color=&#8221;#000000&#8243; global_colors_info=&#8221;{}&#8221; button_text_size__hover_enabled=&#8221;off&#8221; button_one_text_size__hover_enabled=&#8221;off&#8221; button_two_text_size__hover_enabled=&#8221;off&#8221; button_text_color__hover_enabled=&#8221;off&#8221; button_one_text_color__hover_enabled=&#8221;off&#8221; button_two_text_color__hover_enabled=&#8221;off&#8221; button_border_width__hover_enabled=&#8221;off&#8221; button_one_border_width__hover_enabled=&#8221;off&#8221; button_two_border_width__hover_enabled=&#8221;off&#8221; button_border_color__hover_enabled=&#8221;off&#8221; button_one_border_color__hover_enabled=&#8221;off&#8221; button_two_border_color__hover_enabled=&#8221;off&#8221; button_border_radius__hover_enabled=&#8221;off&#8221; button_one_border_radius__hover_enabled=&#8221;off&#8221; button_two_border_radius__hover_enabled=&#8221;off&#8221; button_letter_spacing__hover_enabled=&#8221;off&#8221; button_one_letter_spacing__hover_enabled=&#8221;off&#8221; button_two_letter_spacing__hover_enabled=&#8221;off&#8221; button_bg_color__hover_enabled=&#8221;off&#8221; button_one_bg_color__hover_enabled=&#8221;off&#8221; button_two_bg_color__hover_enabled=&#8221;off&#8221;][\/et_pb_contact_field][et_pb_contact_field field_id=&#8221;Uw_naam&#8221; field_title=&#8221;Uw naam&#8221; _builder_version=&#8221;4.27.4&#8243; form_field_text_color=&#8221;#000000&#8243; global_colors_info=&#8221;{}&#8221; button_text_size__hover_enabled=&#8221;off&#8221; button_one_text_size__hover_enabled=&#8221;off&#8221; button_two_text_size__hover_enabled=&#8221;off&#8221; button_text_color__hover_enabled=&#8221;off&#8221; button_one_text_color__hover_enabled=&#8221;off&#8221; button_two_text_color__hover_enabled=&#8221;off&#8221; button_border_width__hover_enabled=&#8221;off&#8221; button_one_border_width__hover_enabled=&#8221;off&#8221; button_two_border_width__hover_enabled=&#8221;off&#8221; button_border_color__hover_enabled=&#8221;off&#8221; button_one_border_color__hover_enabled=&#8221;off&#8221; button_two_border_color__hover_enabled=&#8221;off&#8221; button_border_radius__hover_enabled=&#8221;off&#8221; button_one_border_radius__hover_enabled=&#8221;off&#8221; button_two_border_radius__hover_enabled=&#8221;off&#8221; button_letter_spacing__hover_enabled=&#8221;off&#8221; button_one_letter_spacing__hover_enabled=&#8221;off&#8221; button_two_letter_spacing__hover_enabled=&#8221;off&#8221; button_bg_color__hover_enabled=&#8221;off&#8221; button_one_bg_color__hover_enabled=&#8221;off&#8221; button_two_bg_color__hover_enabled=&#8221;off&#8221;][\/et_pb_contact_field][et_pb_contact_field field_id=&#8221;Email&#8221; field_title=&#8221;E-mailadres&#8221; field_type=&#8221;email&#8221; fullwidth_field=&#8221;on&#8221; _builder_version=&#8221;4.27.4&#8243; form_field_text_color=&#8221;#000000&#8243; global_colors_info=&#8221;{}&#8221; button_text_size__hover_enabled=&#8221;off&#8221; button_one_text_size__hover_enabled=&#8221;off&#8221; button_two_text_size__hover_enabled=&#8221;off&#8221; button_text_color__hover_enabled=&#8221;off&#8221; button_one_text_color__hover_enabled=&#8221;off&#8221; button_two_text_color__hover_enabled=&#8221;off&#8221; button_border_width__hover_enabled=&#8221;off&#8221; button_one_border_width__hover_enabled=&#8221;off&#8221; button_two_border_width__hover_enabled=&#8221;off&#8221; button_border_color__hover_enabled=&#8221;off&#8221; button_one_border_color__hover_enabled=&#8221;off&#8221; button_two_border_color__hover_enabled=&#8221;off&#8221; button_border_radius__hover_enabled=&#8221;off&#8221; button_one_border_radius__hover_enabled=&#8221;off&#8221; button_two_border_radius__hover_enabled=&#8221;off&#8221; button_letter_spacing__hover_enabled=&#8221;off&#8221; button_one_letter_spacing__hover_enabled=&#8221;off&#8221; button_two_letter_spacing__hover_enabled=&#8221;off&#8221; button_bg_color__hover_enabled=&#8221;off&#8221; button_one_bg_color__hover_enabled=&#8221;off&#8221; button_two_bg_color__hover_enabled=&#8221;off&#8221;][\/et_pb_contact_field][et_pb_contact_field field_id=&#8221;Message&#8221; field_title=&#8221;Bericht&#8221; field_type=&#8221;text&#8221; fullwidth_field=&#8221;on&#8221; _builder_version=&#8221;4.27.4&#8243; form_field_text_color=&#8221;#000000&#8243; global_colors_info=&#8221;{}&#8221; button_text_size__hover_enabled=&#8221;off&#8221; button_one_text_size__hover_enabled=&#8221;off&#8221; button_two_text_size__hover_enabled=&#8221;off&#8221; button_text_color__hover_enabled=&#8221;off&#8221; button_one_text_color__hover_enabled=&#8221;off&#8221; button_two_text_color__hover_enabled=&#8221;off&#8221; button_border_width__hover_enabled=&#8221;off&#8221; button_one_border_width__hover_enabled=&#8221;off&#8221; button_two_border_width__hover_enabled=&#8221;off&#8221; button_border_color__hover_enabled=&#8221;off&#8221; button_one_border_color__hover_enabled=&#8221;off&#8221; button_two_border_color__hover_enabled=&#8221;off&#8221; button_border_radius__hover_enabled=&#8221;off&#8221; button_one_border_radius__hover_enabled=&#8221;off&#8221; button_two_border_radius__hover_enabled=&#8221;off&#8221; button_letter_spacing__hover_enabled=&#8221;off&#8221; button_one_letter_spacing__hover_enabled=&#8221;off&#8221; button_two_letter_spacing__hover_enabled=&#8221;off&#8221; button_bg_color__hover_enabled=&#8221;off&#8221; button_one_bg_color__hover_enabled=&#8221;off&#8221; button_two_bg_color__hover_enabled=&#8221;off&#8221;][\/et_pb_contact_field][\/et_pb_contact_form][\/et_pb_column][\/et_pb_row][\/et_pb_section][et_pb_section fb_built=&#8221;1&#8243; _builder_version=&#8221;4.27.4&#8243; _module_preset=&#8221;default&#8221; locked=&#8221;off&#8221; global_colors_info=&#8221;{}&#8221;][et_pb_row _builder_version=&#8221;4.27.4&#8243; _module_preset=&#8221;default&#8221; global_colors_info=&#8221;{}&#8221;][et_pb_column type=&#8221;4_4&#8243; _builder_version=&#8221;4.27.4&#8243; _module_preset=&#8221;default&#8221; global_colors_info=&#8221;{}&#8221;][et_pb_wc_related_products include_categories=&#8221;all&#8221; _builder_version=&#8221;4.27.4&#8243; _module_preset=&#8221;default&#8221; title_font=&#8221;Poppins||||||||&#8221; title_font_size=&#8221;25px&#8221; title_line_height=&#8221;1.1em&#8221; product_title_font=&#8221;Akshar|700||on|||||&#8221; product_title_font_size=&#8221;23px&#8221; product_title_line_height=&#8221;1em&#8221; custom_margin=&#8221;70px||||false|false&#8221; title_font_size_tablet=&#8221;25px&#8221; title_font_size_phone=&#8221;20px&#8221; title_font_size_last_edited=&#8221;on|phone&#8221; product_title_font_size_tablet=&#8221;23px&#8221; product_title_font_size_phone=&#8221;18px&#8221; product_title_font_size_last_edited=&#8221;on|phone&#8221; global_colors_info=&#8221;{}&#8221;][\/et_pb_wc_related_products][\/et_pb_column][\/et_pb_row][\/et_pb_section]<\/p>\n","protected":false},"excerpt":{"rendered":"<div><strong>Ampacoll RA elastische vloeibare lijm <\/strong>is de ideale keuze voor het cre\u00ebren van <strong>duurzame, flexibele en luchtdichte verbindingen <\/strong>in bouwtoepassingen. Het biedt een sterke hechting, is eenvoudig aan te brengen, en zorgt voor langdurige prestaties, zelfs in omgevingen met temperatuurschommelingen en vocht. Het is perfect voor het vastlijmen van dampfolies, isolatieplaten en andere materialen, waardoor je een effici\u00ebnte en betrouwbare barri\u00e8re tegen lucht en vocht kunt cre\u00ebren.<\/div>\n","protected":false},"featured_media":803,"comment_status":"closed","ping_status":"closed","template":"","meta":{"_et_pb_use_builder":"on","_et_pb_old_content":"<p style=\"font-weight: 400\"><strong>Ampacoll RA elastische vloeibare lijm<\/strong> is de ideale keuze voor het cre\u00ebren van <strong>duurzame, flexibele en luchtdichte verbindingen<\/strong> in bouwtoepassingen. Het biedt een sterke hechting, is eenvoudig aan te brengen, en zorgt voor langdurige prestaties, zelfs in omgevingen met temperatuurschommelingen en vocht. Het is perfect voor het vastlijmen van dampfolies, isolatieplaten en andere materialen, waardoor je een effici\u00ebnte en betrouwbare barri\u00e8re tegen lucht en vocht kunt cre\u00ebren.<\/p>\r\n<p style=\"font-weight: 400\"><strong>+ Elastisch en Flexibel: Ampacoll RA<\/strong> is een <strong>elastische lijm<\/strong>, wat betekent dat het in staat is om te bewegen met de ondergrond. Dit is vooral belangrijk in bouwtoepassingen waar materialen uitzetten of krimpen door temperatuur- en vochtigheidsveranderingen. De flexibiliteit van de lijm zorgt ervoor dat de verbindingen niet breken of loskomen bij bewegingen van de ondergrond.<\/p>\r\n<p style=\"font-weight: 400\"><strong>+ Sterke en duurzame hechting<\/strong>: <strong>Ampacoll RA<\/strong> biedt een <strong>zeer sterke hechting<\/strong> aan een breed scala van materialen, zoals dampfolies, isolatieplaten en andere bouwmaterialen. De lijm zorgt voor een langdurige verbinding die bestand is tegen de eisen van de bouwomgeving, zoals temperatuur- en vochtveranderingen. Dit garandeert dat de materialen goed op hun plaats blijven, zelfs bij zware belasting.<\/p>\r\n<p style=\"font-weight: 400\"><strong>+ Vocht- en luchtdichte afdichting<\/strong>: <strong>Ampacoll RA<\/strong> is ideaal voor toepassingen waarbij <strong>dichte en veilige verbindingen<\/strong> vereist zijn om lucht- en vochtstromen te voorkomen. De lijm vormt een luchtdichte en waterdichte afdichting, wat essentieel is voor het behouden van de effectiviteit van isolatie- en dampfoliesystemen. Dit helpt vochtproblemen en condensatie in de woning te voorkomen en verbetert de energie-effici\u00ebntie.<\/p>\r\n<p style=\"font-weight: 400\"><strong>+ Eenvoudig te verwerken: Ampacoll RA<\/strong> is gemakkelijk aan te brengen. Het wordt in vloeibare vorm geleverd, waardoor het snel en gelijkmatig over oppervlakken kan worden aangebracht. De lijm kan eenvoudig worden gesmeerd met een kwast, roller of applicator, wat de installatie vereenvoudigt en de werkdruk verlaagt.<\/p>\r\n<p style=\"font-weight: 400\"><strong>+ Snel uithardend: <\/strong>De lijm heeft een <strong>snel uithardend vermogen<\/strong>, wat betekent dat het snel een sterke hechting vormt, zodat de installatie van dampfolies en isolatiematerialen effici\u00ebnt kan worden voltooid zonder lange wachttijden. Dit versnelt de processen.<\/p>\r\n<p style=\"font-weight: 400\"><strong>+ Weerbestendig:<\/strong> <strong>Ampacoll RA<\/strong> is ontworpen om bestand te zijn tegen verschillende weersomstandigheden. Het kan zowel in droge als in vochtige omgevingen worden gebruikt, waardoor het geschikt is voor binnen- en buitentoepassingen. Dit maakt het veelzijdig en betrouwbaar, zelfs bij blootstelling aan regen, kou of wisselende temperaturen.<\/p>\r\n<p style=\"font-weight: 400\"><strong>+ Lange levensduur: <\/strong>De elastische eigenschappen van <strong>Ampacoll RA<\/strong> zorgen ervoor dat het bestand is tegen slijtage en langdurige belasting. Het behoudt zijn hechting en flexibiliteit gedurende de levensduur van het gebouw, wat betekent dat je minder vaak onderhoud hoeft uit te voeren aan de afdichtingen en verbindingen.<\/p>\r\n<p style=\"font-weight: 400\"><strong>+ Duurzaam en milieuvriendelijk: Ampacoll RA<\/strong> is ontwikkeld met duurzaamheid in gedachten en draagt bij aan de ecologische voetafdruk van je bouwproject. Het helpt om energieverlies te minimaliseren door lucht- en vochtdichte verbindingen te cre\u00ebren, wat bijdraagt aan lagere energiekosten en een duurzamer gebouw.<\/p>","_et_gb_content_width":""},"product_brand":[],"product_cat":[28],"product_tag":[26,24,25],"class_list":{"0":"post-944","1":"product","2":"type-product","3":"status-publish","4":"has-post-thumbnail","6":"product_cat-verwerkingsproducten","7":"product_tag-duurzaam","8":"product_tag-gramitherm","9":"product_tag-isolatie","11":"first","12":"instock","13":"shipping-taxable","14":"product-type-simple"},"_links":{"self":[{"href":"https:\/\/wijsisolerennederland.nl\/index.php\/wp-json\/wp\/v2\/product\/944","targetHints":{"allow":["GET"]}}],"collection":[{"href":"https:\/\/wijsisolerennederland.nl\/index.php\/wp-json\/wp\/v2\/product"}],"about":[{"href":"https:\/\/wijsisolerennederland.nl\/index.php\/wp-json\/wp\/v2\/types\/product"}],"replies":[{"embeddable":true,"href":"https:\/\/wijsisolerennederland.nl\/index.php\/wp-json\/wp\/v2\/comments?post=944"}],"wp:featuredmedia":[{"embeddable":true,"href":"https:\/\/wijsisolerennederland.nl\/index.php\/wp-json\/wp\/v2\/media\/803"}],"wp:attachment":[{"href":"https:\/\/wijsisolerennederland.nl\/index.php\/wp-json\/wp\/v2\/media?parent=944"}],"wp:term":[{"taxonomy":"product_brand","embeddable":true,"href":"https:\/\/wijsisolerennederland.nl\/index.php\/wp-json\/wp\/v2\/product_brand?post=944"},{"taxonomy":"product_cat","embeddable":true,"href":"https:\/\/wijsisolerennederland.nl\/index.php\/wp-json\/wp\/v2\/product_cat?post=944"},{"taxonomy":"product_tag","embeddable":true,"href":"https:\/\/wijsisolerennederland.nl\/index.php\/wp-json\/wp\/v2\/product_tag?post=944"}],"curies":[{"name":"wp","href":"https:\/\/api.w.org\/{rel}","templated":true}]}}